{"id":265,"date":"2021-06-23T13:19:28","date_gmt":"2021-06-23T11:19:28","guid":{"rendered":"https:\/\/www.thegrandoperaauction.com\/?page_id=265"},"modified":"2021-07-16T13:20:30","modified_gmt":"2021-07-16T11:20:30","slug":"info","status":"publish","type":"page","link":"https:\/\/www.thegrandoperaauction.com\/de\/info\/","title":{"rendered":"Info"},"content":{"rendered":"<p>[vc_row css_animation=&#8220;&#8220; row_type=&#8220;row&#8220; use_row_as_full_screen_section=&#8220;no&#8220; type=&#8220;full_width&#8220; angled_section=&#8220;no&#8220; text_align=&#8220;left&#8220; background_image_as_pattern=&#8220;without_pattern&#8220; el_id=&#8220;colchangeloop&#8220; z_index=&#8220;&#8220;][vc_column width=&#8220;1\/3&#8243;][\/vc_column][vc_column width=&#8220;1\/3&#8243;][vc_single_image image=&#8220;390&#8243; img_size=&#8220;full&#8220; alignment=&#8220;center&#8220; onclick=&#8220;custom_link&#8220; qode_css_animation=&#8220;&#8220; link=&#8220;..\/ticker\/&#8220; el_class=&#8220;logo-gross&#8220;][\/vc_column][vc_column width=&#8220;1\/3&#8243;][\/vc_column][\/vc_row][vc_row css_animation=&#8220;&#8220; row_type=&#8220;row&#8220; use_row_as_full_screen_section=&#8220;no&#8220; type=&#8220;full_width&#8220; angled_section=&#8220;no&#8220; text_align=&#8220;left&#8220; background_image_as_pattern=&#8220;without_pattern&#8220; z_index=&#8220;&#8220;][vc_column width=&#8220;1\/3&#8243;][\/vc_column][vc_column width=&#8220;1\/3&#8243;][vc_empty_space height=&#8220;90px&#8220;][vc_column_text]BENEFIZ-AUKTION<\/p>\n<p>&nbsp;<\/p>\n<p>zugunsten von<br \/>\nChristoph Schlingensiefs<br \/>\nOperndorf Afrika<br \/>\nAm 29. Juli um 19 Uhr live auf<\/p>\n<p>www.thegrandoperaauction.com<\/p>\n<p>&nbsp;<\/p>\n<p>Registrierung auf dieser Website<br \/>\nab dem 8. Juli 2021[\/vc_column_text][vc_empty_space height=&#8220;64px&#8220;][vc_column_text]TEAM<\/p>\n<p>&nbsp;<\/p>\n<p>Aino Laberenz<br \/>\nNils Philipp Dommert<br \/>\nAnnika Turkowski[\/vc_column_text][vc_empty_space height=&#8220;64px&#8220;][vc_column_text]KONTAKT<\/p>\n<p>&nbsp;<\/p>\n<p>Stiftung Operndorf Afrika<br \/>\nFehrbelliner Str. 56<br \/>\n10119 Berlin<br \/>\n+49 30 40 04 59 42<br \/>\nfestspielhaus@schlingensief.com<\/p>\n<p>&nbsp;<\/p>\n<p>Anfragen Auktion<br \/>\nmail@thegrandoperaauction.com<\/p>\n<p>&nbsp;<\/p>\n<p>Bildanfragen \/ Presse<br \/>\n<a href=\"http:\/\/presse.operndorf-afrika.com\" target=\"_blank\" rel=\"noopener\">presse.operndorf-afrika.com<\/a>[\/vc_column_text][vc_empty_space height=&#8220;64px&#8220;][vc_column_text]INFO<\/p>\n<p>&nbsp;<\/p>\n<p>THE GRAND OPERA AUCTION SHOW ist eine Online-Benefiz-Auktion zugunsten von Christoph Schlingensiefs Operndorf Afrika. Am 29. Juli 2021, um 19 Uhr werden 24 Werke von 23 K\u00fcnstlern von Auktionator Kilian von Seldeneck zur Versteigerung gebracht.<\/p>\n<p>&nbsp;<\/p>\n<p>W\u00e4hrend der Auktion gibt es ferner die M\u00f6glichkeit per Telefonleitung f\u00fcr die Zwecke der Stiftung Operndorf Afrika zu Spenden. Mit dem Erl\u00f6s soll vor allem das Kulturprogramm im Operndorf Afrika ausgebaut und f\u00fcr die kommenden Jahre gesichert werden.<\/p>\n<p>&nbsp;<\/p>\n<p>DAS OPERNDORF AFRIKA ist ein internationales Kunstprojekt, das seit 2009 in Burkina Faso\/Westafrika entsteht und auf die Idee des deutschen K\u00fcnstlers Christoph Schlingensief (1960 \u2013 2010) zur\u00fcckgeht. Mit der offiziellen Gr\u00fcndung war Schlingensiefs Wunsch verbunden, einen Ort internationaler Begegnungen zu schaffen \u2013 k\u00fcnstlerisch wie kulturell. Unter dem Motto \u201eVon Afrika lernen\u201c manifestiert sich seither etwa 30 Kilometer entfernt von Ouagadougou, der Hauptstadt Burkina Fasos, eine Plattform f\u00fcr interkulturelle Austauschprogramme und postkoloniale Diskurse, die ein neues und insbesondere differenziertes Bild von Afrika sichtbar macht, womit sich das Projekt von vielen anderen in der klassischen Entwicklungszusammenarbeit unterscheidet.<br \/>\nChristoph Schlingensief imaginierte einen Ort, der das kulturelle Potenzial einer Gesellschaft in Afrika f\u00fcr das eigene Schaffen fruchtbar machen soll. Die Grundidee des Operndorfes ist ein bedingungsloser Austausch der Kulturen. In den Worten Schlingensiefs ist es an der Zeit, die \u201eabsteigende europ\u00e4ische Hochkultur durch die aufsteigende afrikanische Zivilisation\u201c zu bereichern und in Afrika zu investieren.<\/p>\n<p>&nbsp;<\/p>\n<p>Bis heute wurden auf dem von der burkinischen Regierung bereitgestellten Areal 26 Geb\u00e4ude errichtet, darunter eine Grundschule f\u00fcr etwa 300 Sch\u00fclerinnen, eine Geburts- und Krankenstation, eine Kantine, G\u00e4steh\u00e4user, B\u00fcros sowie ein Tonstudio und ein Filmvorf\u00fchrraum. Regelm\u00e4\u00dfige Bildungs- und Kulturangebote, wie Alphabetisierungskurse und Werkst\u00e4tten, erg\u00e4nzen das Hauptanliegen des Projekts: den Austausch zwischen afrikanischen und europ\u00e4ischen K\u00fcnstlerInnen, welcher sich in einem seit 2015 j\u00e4hrlich stattfindenden Artist-in-Residence-Programm manifestiert. 2019 wurde das kulturelle Angebot um ein Kinderfilmfestival erweitert, das jedes Fr\u00fchjahr f\u00fcr Kinder und Jugendliche der Region veranstaltet wird.<\/p>\n<p>&nbsp;<\/p>\n<p>Unter der Gesch\u00e4ftsf\u00fchrung von Aino Laberenz (seit 2010) werden alle Bauvorhaben, Kulturprojekte und ihre Finanzierung durch die 2009 von Schlingensief gegr\u00fcndete Festspielhaus Afrika gemeinn\u00fctzige GmbH mit Sitz in Berlin koordiniert. Seit 2011 steht das Projekt unter der Schirmherrschaft von Bundespr\u00e4sident a.D. Horst K\u00f6hler. Im Dezember 2012 wurde au\u00dferdem die gemeinn\u00fctzige Stiftung Operndorf Afrika gegr\u00fcndet. Die Betriebseinheiten Schule und Krankenstation werden bereits jetzt durch die Regierung von Burkina Faso getragen. Die Administration und Projekte der Festspielhaus Afrika gGmbH werden \u00fcber private Spenden und \u00f6ffentliche F\u00f6rderungen finanziert. Eine Herausforderung stellen die Unterhaltungskosten sowie die F\u00f6rderung der Selbstversorgung durch Landwirtschaft und erneuerbare Energien dar, die langfristig die Unabh\u00e4ngigkeit des Projekts garantieren sollen.[\/vc_column_text][vc_empty_space height=&#8220;150px&#8220;][vc_raw_html]JTNDYXVkaW8lMjBjb250cm9scyUyMGF1dG9wbGF5JTIwc3R5bGUlM0QlMjJkaXNwbGF5JTNBbm9uZSUyMiUyMGxvb3AlM0UlMEElM0Nzb3VyY2UlMjBzcmMlM0QlMjJodHRwcyUzQSUyRiUyRnd3dy50aGVncmFuZG9wZXJhYXVjdGlvbi5jb20lMkZ3cC1jb250ZW50JTJGdXBsb2FkcyUyRkVTX1RoZS1UZW5uaXMtSW5zdHJ1Y3Rvci1EZXotTW9yYW4ta29tcHJpbWllcnQubXAzJTIyJTIwdHlwZSUzRCUyMmF1ZGlvJTJGbXBlZyUyMiUzRSUwQSUzQyUyRmF1ZGlvJTNF[\/vc_raw_html][\/vc_column][vc_column width=&#8220;1\/3&#8243;][\/vc_column][\/vc_row][vc_row css_animation=&#8220;&#8220; row_type=&#8220;row&#8220; use_row_as_full_screen_section=&#8220;no&#8220; type=&#8220;full_width&#8220; angled_section=&#8220;no&#8220; text_align=&#8220;left&#8220; background_image_as_pattern=&#8220;without_pattern&#8220;][vc_column][vc_column_text]<br \/>\n[\/vc_column_text][\/vc_column][\/vc_row][vc_row css_animation=&#8220;&#8220; row_type=&#8220;row&#8220; use_row_as_full_screen_section=&#8220;no&#8220; type=&#8220;full_width&#8220; angled_section=&#8220;no&#8220; text_align=&#8220;left&#8220; background_image_as_pattern=&#8220;without_pattern&#8220; el_class=&#8220;submenu-links&#8220; z_index=&#8220;&#8220;][vc_column width=&#8220;2\/3&#8243;][vc_column_text]<a href=\"https:\/\/www.thegrandoperaauction.com\/de\/impressum\/\">Impressum<\/a> <a href=\"https:\/\/www.thegrandoperaauction.com\/de\/agb\/\">AGB<\/a> <a href=\"https:\/\/www.thegrandoperaauction.com\/de\/privacy\/\">Datenschutz<\/a>[\/vc_column_text][vc_empty_space][\/vc_column][vc_column width=&#8220;1\/3&#8243;][\/vc_column][\/vc_row]<\/p>\n","protected":false},"excerpt":{"rendered":"<p>[vc_row css_animation=&#8220;&#8220; row_type=&#8220;row&#8220; use_row_as_full_screen_section=&#8220;no&#8220; type=&#8220;full_width&#8220; angled_section=&#8220;no&#8220; text_align=&#8220;left&#8220; background_image_as_pattern=&#8220;without_pattern&#8220; el_id=&#8220;colchangeloop&#8220; z_index=&#8220;&#8220;][vc_column width=&#8220;1\/3&#8243;][\/vc_column][vc_column width=&#8220;1\/3&#8243;][vc_single_image image=&#8220;390&#8243; img_size=&#8220;full&#8220; alignment=&#8220;center&#8220; onclick=&#8220;custom_link&#8220; qode_css_animation=&#8220;&#8220; link=&#8220;..\/ticker\/&#8220; el_class=&#8220;logo-gross&#8220;][\/vc_column][vc_column width=&#8220;1\/3&#8243;][\/vc_column][\/vc_row][vc_row css_animation=&#8220;&#8220; row_type=&#8220;row&#8220; use_row_as_full_screen_section=&#8220;no&#8220; type=&#8220;full_width&#8220; angled_section=&#8220;no&#8220; text_align=&#8220;left&#8220; background_image_as_pattern=&#8220;without_pattern&#8220; z_index=&#8220;&#8220;][vc_column width=&#8220;1\/3&#8243;][\/vc_column][vc_column width=&#8220;1\/3&#8243;][vc_empty_space height=&#8220;90px&#8220;][vc_column_text]BENEFIZ-AUKTION &nbsp; zugunsten von Christoph Schlingensiefs Operndorf Afrika Am 29. Juli um 19 Uhr live&#8230;<\/p>\n","protected":false},"author":1,"featured_media":0,"parent":0,"menu_order":0,"comment_status":"closed","ping_status":"closed","template":"","meta":[],"translation":{"provider":"WPGlobus","version":"2.12.2","language":"de","enabled_languages":["en","de"],"languages":{"en":{"title":true,"content":true,"excerpt":false},"de":{"title":true,"content":true,"excerpt":false}}},"yoast_head":"<!-- This site is optimized with the Yoast SEO plugin v20.10 - https:\/\/yoast.com\/wordpress\/plugins\/seo\/ -->\n<title>Info &mdash; The Grand Opera Auction Show<\/title>\n<meta name=\"description\" content=\"BENEFIZ-AUKTION zugunsten von Christoph Schlingensiefs Operndorf Afrika am 29. Juli um 19 Uhr live auf www.thegrandoperaauction.com\" \/>\n<meta name=\"robots\" content=\"index, follow, max-snippet:-1, max-image-preview:large, max-video-preview:-1\" \/>\n<link rel=\"canonical\" href=\"https:\/\/www.thegrandoperaauction.com\/info\/\" \/>\n<meta property=\"og:locale\" content=\"de_DE\" \/>\n<meta property=\"og:type\" content=\"article\" \/>\n<meta property=\"og:title\" content=\"Info &mdash; The Grand Opera Auction Show\" \/>\n<meta property=\"og:description\" content=\"BENEFIZ-AUKTION zugunsten von Christoph Schlingensiefs Operndorf Afrika am 29. Juli um 19 Uhr live auf www.thegrandoperaauction.com\" \/>\n<meta property=\"og:url\" content=\"https:\/\/www.thegrandoperaauction.com\/info\/\" \/>\n<meta property=\"og:site_name\" content=\"The Grand Opera Auction Show\" \/>\n<meta property=\"article:publisher\" content=\"https:\/\/www.facebook.com\/OperndorfAfrika\" \/>\n<meta property=\"article:modified_time\" content=\"2021-07-16T11:20:30+00:00\" \/>\n<meta name=\"twitter:card\" content=\"summary_large_image\" \/>\n<meta name=\"twitter:label1\" content=\"Gesch\u00e4tzte Lesezeit\" \/>\n\t<meta name=\"twitter:data1\" content=\"3\u00a0Minuten\" \/>\n<script type=\"application\/ld+json\" class=\"yoast-schema-graph\">{\"@context\":\"https:\/\/schema.org\",\"@graph\":[{\"@type\":\"WebPage\",\"@id\":\"https:\/\/www.thegrandoperaauction.com\/info\/\",\"url\":\"https:\/\/www.thegrandoperaauction.com\/info\/\",\"name\":\"Info &mdash; The Grand Opera Auction Show\",\"isPartOf\":{\"@id\":\"https:\/\/www.thegrandoperaauction.com\/#website\"},\"datePublished\":\"2021-06-23T11:19:28+00:00\",\"dateModified\":\"2021-07-16T11:20:30+00:00\",\"description\":\"BENEFIZ-AUKTION zugunsten von Christoph Schlingensiefs Operndorf Afrika am 29. Juli um 19 Uhr live auf www.thegrandoperaauction.com\",\"breadcrumb\":{\"@id\":\"https:\/\/www.thegrandoperaauction.com\/info\/#breadcrumb\"},\"inLanguage\":\"de\",\"potentialAction\":[{\"@type\":\"ReadAction\",\"target\":[\"https:\/\/www.thegrandoperaauction.com\/info\/\"]}]},{\"@type\":\"BreadcrumbList\",\"@id\":\"https:\/\/www.thegrandoperaauction.com\/info\/#breadcrumb\",\"itemListElement\":[{\"@type\":\"ListItem\",\"position\":1,\"name\":\"Startseite\",\"item\":\"https:\/\/www.thegrandoperaauction.com\/\"},{\"@type\":\"ListItem\",\"position\":2,\"name\":\"Info\"}]},{\"@type\":\"WebSite\",\"@id\":\"https:\/\/www.thegrandoperaauction.com\/#website\",\"url\":\"https:\/\/www.thegrandoperaauction.com\/\",\"name\":\"The Grand Opera Auction Show\",\"description\":\"A Theleton for Charity\",\"publisher\":{\"@id\":\"https:\/\/www.thegrandoperaauction.com\/#organization\"},\"potentialAction\":[{\"@type\":\"SearchAction\",\"target\":{\"@type\":\"EntryPoint\",\"urlTemplate\":\"https:\/\/www.thegrandoperaauction.com\/?s={search_term_string}\"},\"query-input\":\"required name=search_term_string\"}],\"inLanguage\":\"de\"},{\"@type\":\"Organization\",\"@id\":\"https:\/\/www.thegrandoperaauction.com\/#organization\",\"name\":\"Christoph Schlingensiefs Operndorf Afrika\",\"url\":\"https:\/\/www.thegrandoperaauction.com\/\",\"logo\":{\"@type\":\"ImageObject\",\"inLanguage\":\"de\",\"@id\":\"https:\/\/www.thegrandoperaauction.com\/#\/schema\/logo\/image\/\",\"url\":\"https:\/\/www.thegrandoperaauction.com\/wp-content\/uploads\/OA_The_Grand_Opera_Logo-glitchy-CUT32.gif\",\"contentUrl\":\"https:\/\/www.thegrandoperaauction.com\/wp-content\/uploads\/OA_The_Grand_Opera_Logo-glitchy-CUT32.gif\",\"width\":702,\"height\":600,\"caption\":\"Christoph Schlingensiefs Operndorf Afrika\"},\"image\":{\"@id\":\"https:\/\/www.thegrandoperaauction.com\/#\/schema\/logo\/image\/\"},\"sameAs\":[\"https:\/\/www.facebook.com\/OperndorfAfrika\",\"http:\/\/www.instagram.com\/operndorfafrika\/\",\"https:\/\/www.youtube.com\/user\/OperndorfAfrika\/videos\"]}]}<\/script>\n<!-- \/ Yoast SEO plugin. -->","yoast_head_json":{"title":"Info &mdash; The Grand Opera Auction Show","description":"BENEFIZ-AUKTION zugunsten von Christoph Schlingensiefs Operndorf Afrika am 29. Juli um 19 Uhr live auf www.thegrandoperaauction.com","robots":{"index":"index","follow":"follow","max-snippet":"max-snippet:-1","max-image-preview":"max-image-preview:large","max-video-preview":"max-video-preview:-1"},"canonical":"https:\/\/www.thegrandoperaauction.com\/info\/","og_locale":"de_DE","og_type":"article","og_title":"Info &mdash; The Grand Opera Auction Show","og_description":"BENEFIZ-AUKTION zugunsten von Christoph Schlingensiefs Operndorf Afrika am 29. Juli um 19 Uhr live auf www.thegrandoperaauction.com","og_url":"https:\/\/www.thegrandoperaauction.com\/info\/","og_site_name":"The Grand Opera Auction Show","article_publisher":"https:\/\/www.facebook.com\/OperndorfAfrika","article_modified_time":"2021-07-16T11:20:30+00:00","twitter_card":"summary_large_image","twitter_misc":{"Gesch\u00e4tzte Lesezeit":"3\u00a0Minuten"},"schema":{"@context":"https:\/\/schema.org","@graph":[{"@type":"WebPage","@id":"https:\/\/www.thegrandoperaauction.com\/info\/","url":"https:\/\/www.thegrandoperaauction.com\/info\/","name":"Info &mdash; The Grand Opera Auction Show","isPartOf":{"@id":"https:\/\/www.thegrandoperaauction.com\/#website"},"datePublished":"2021-06-23T11:19:28+00:00","dateModified":"2021-07-16T11:20:30+00:00","description":"BENEFIZ-AUKTION zugunsten von Christoph Schlingensiefs Operndorf Afrika am 29. Juli um 19 Uhr live auf www.thegrandoperaauction.com","breadcrumb":{"@id":"https:\/\/www.thegrandoperaauction.com\/info\/#breadcrumb"},"inLanguage":"de","potentialAction":[{"@type":"ReadAction","target":["https:\/\/www.thegrandoperaauction.com\/info\/"]}]},{"@type":"BreadcrumbList","@id":"https:\/\/www.thegrandoperaauction.com\/info\/#breadcrumb","itemListElement":[{"@type":"ListItem","position":1,"name":"Startseite","item":"https:\/\/www.thegrandoperaauction.com\/"},{"@type":"ListItem","position":2,"name":"Info"}]},{"@type":"WebSite","@id":"https:\/\/www.thegrandoperaauction.com\/#website","url":"https:\/\/www.thegrandoperaauction.com\/","name":"The Grand Opera Auction Show","description":"A Theleton for Charity","publisher":{"@id":"https:\/\/www.thegrandoperaauction.com\/#organization"},"potentialAction":[{"@type":"SearchAction","target":{"@type":"EntryPoint","urlTemplate":"https:\/\/www.thegrandoperaauction.com\/?s={search_term_string}"},"query-input":"required name=search_term_string"}],"inLanguage":"de"},{"@type":"Organization","@id":"https:\/\/www.thegrandoperaauction.com\/#organization","name":"Christoph Schlingensiefs Operndorf Afrika","url":"https:\/\/www.thegrandoperaauction.com\/","logo":{"@type":"ImageObject","inLanguage":"de","@id":"https:\/\/www.thegrandoperaauction.com\/#\/schema\/logo\/image\/","url":"https:\/\/www.thegrandoperaauction.com\/wp-content\/uploads\/OA_The_Grand_Opera_Logo-glitchy-CUT32.gif","contentUrl":"https:\/\/www.thegrandoperaauction.com\/wp-content\/uploads\/OA_The_Grand_Opera_Logo-glitchy-CUT32.gif","width":702,"height":600,"caption":"Christoph Schlingensiefs Operndorf Afrika"},"image":{"@id":"https:\/\/www.thegrandoperaauction.com\/#\/schema\/logo\/image\/"},"sameAs":["https:\/\/www.facebook.com\/OperndorfAfrika","http:\/\/www.instagram.com\/operndorfafrika\/","https:\/\/www.youtube.com\/user\/OperndorfAfrika\/videos"]}]}},"_links":{"self":[{"href":"https:\/\/www.thegrandoperaauction.com\/de\/wp-json\/wp\/v2\/pages\/265"}],"collection":[{"href":"https:\/\/www.thegrandoperaauction.com\/de\/wp-json\/wp\/v2\/pages"}],"about":[{"href":"https:\/\/www.thegrandoperaauction.com\/de\/wp-json\/wp\/v2\/types\/page"}],"author":[{"embeddable":true,"href":"https:\/\/www.thegrandoperaauction.com\/de\/wp-json\/wp\/v2\/users\/1"}],"replies":[{"embeddable":true,"href":"https:\/\/www.thegrandoperaauction.com\/de\/wp-json\/wp\/v2\/comments?post=265"}],"version-history":[{"count":64,"href":"https:\/\/www.thegrandoperaauction.com\/de\/wp-json\/wp\/v2\/pages\/265\/revisions"}],"predecessor-version":[{"id":795,"href":"https:\/\/www.thegrandoperaauction.com\/de\/wp-json\/wp\/v2\/pages\/265\/revisions\/795"}],"wp:attachment":[{"href":"https:\/\/www.thegrandoperaauction.com\/de\/wp-json\/wp\/v2\/media?parent=265"}],"curies":[{"name":"wp","href":"https:\/\/api.w.org\/{rel}","templated":true}]}}